{"id":182,"date":"2022-08-23T15:42:22","date_gmt":"2022-08-23T15:42:22","guid":{"rendered":"https:\/\/losandesgbg.com\/?page_id=182"},"modified":"2023-03-21T18:03:02","modified_gmt":"2023-03-21T18:03:02","slug":"zona-de-mensajes","status":"publish","type":"page","link":"https:\/\/losandesgbg.com\/index.php\/zona-de-mensajes\/","title":{"rendered":"MENSAJES"},"content":{"rendered":"\t<div id=\"respond\" class=\"comment-respond wp-block-post-comments-form\">\n\t\t<h3 id=\"reply-title\" class=\"comment-reply-title\">Agregar un comentario <small><a rel=\"nofollow\" id=\"cancel-comment-reply-link\" href=\"\/index.php\/wp-json\/wp\/v2\/pages\/182#respond\" style=\"display:none;\">Cancelar respuesta<\/a><\/small><\/h3><form action=\"https:\/\/losandesgbg.com\/wp-comments-post.php\" method=\"post\" id=\"commentform\" class=\"comment-form\"><p class=\"comment-notes\"><span id=\"email-notes\">Tu direcci\u00f3n de correo electr\u00f3nico no ser\u00e1 publicada.<\/span> <span class=\"required-field-message\">Los campos requeridos est\u00e1n marcados <span class=\"required\">*<\/span><\/span><\/p><p class=\"comment-form-comment\"><label for=\"comment\">Comentario <span class=\"required\">*<\/span><\/label> <textarea id=\"comment\" name=\"comment\" cols=\"45\" rows=\"8\" maxlength=\"65525\" required=\"required\"><\/textarea><\/p><p class=\"comment-form-author\"><label for=\"author\">Nombre <span class=\"required\">*<\/span><\/label> <input id=\"author\" name=\"author\" type=\"text\" value=\"\" size=\"30\" maxlength=\"245\" autocomplete=\"name\" required=\"required\" \/><\/p>\n<p class=\"comment-form-email\"><label for=\"email\">Correo electr\u00f3nico <span class=\"required\">*<\/span><\/label> <input id=\"email\" name=\"email\" type=\"text\" value=\"\" size=\"30\" maxlength=\"100\" aria-describedby=\"email-notes\" autocomplete=\"email\" required=\"required\" \/><\/p>\n<p class=\"comment-form-url\"><label for=\"url\">Sitio web<\/label> <input id=\"url\" name=\"url\" type=\"text\" value=\"\" size=\"30\" maxlength=\"200\" autocomplete=\"url\" \/><\/p>\n<p class=\"comment-form-cookies-consent\"><input id=\"wp-comment-cookies-consent\" name=\"wp-comment-cookies-consent\" type=\"checkbox\" value=\"yes\" \/> <label for=\"wp-comment-cookies-consent\">Guardar mi nombre, correo electr\u00f3nico y sitio web en este navegador para la pr\u00f3xima vez que comente.<\/label><\/p>\n<p class=\"form-submit\"><input name=\"submit\" type=\"submit\" id=\"submit\" class=\"submit\" value=\"Publicar comentario\" \/> <input type='hidden' name='comment_post_ID' value='182' id='comment_post_ID' \/>\n<input type='hidden' name='comment_parent' id='comment_parent' value='0' \/>\n<\/p><p style=\"display: none !important;\" class=\"akismet-fields-container\" data-prefix=\"ak_\"><label>&#916;<textarea name=\"ak_hp_textarea\" cols=\"45\" rows=\"8\" maxlength=\"100\"><\/textarea><\/label><input type=\"hidden\" id=\"ak_js_1\" name=\"ak_js\" value=\"86\"\/><script type=\"text\/javascript\">\n\/* <![CDATA[ *\/\ndocument.getElementById( \"ak_js_1\" ).setAttribute( \"value\", ( new Date() ).getTime() );\n\/* ]]> *\/\n<\/script>\n<\/p><\/form>\t<\/div><!-- #respond -->\n\t","protected":false},"excerpt":{"rendered":"","protected":false},"author":1,"featured_media":0,"parent":0,"menu_order":0,"comment_status":"open","ping_status":"closed","template":"","meta":{"footnotes":""},"class_list":["post-182","page","type-page","status-publish","hentry"],"yoast_head":"<!-- This site is optimized with the Yoast SEO plugin v27.5 - https:\/\/yoast.com\/product\/yoast-seo-wordpress\/ -->\n<title>MENSAJES -<\/title>\n<meta name=\"robots\" content=\"index, follow, max-snippet:-1, max-image-preview:large, max-video-preview:-1\" \/>\n<link rel=\"canonical\" href=\"https:\/\/losandesgbg.com\/index.php\/zona-de-mensajes\/\" \/>\n<meta property=\"og:locale\" content=\"es_ES\" \/>\n<meta property=\"og:type\" content=\"article\" \/>\n<meta property=\"og:title\" content=\"MENSAJES -\" \/>\n<meta property=\"og:url\" content=\"https:\/\/losandesgbg.com\/index.php\/zona-de-mensajes\/\" \/>\n<meta property=\"article:modified_time\" content=\"2023-03-21T18:03:02+00:00\" \/>\n<meta name=\"twitter:card\" content=\"summary_large_image\" \/>\n<script type=\"application\/ld+json\" class=\"yoast-schema-graph\">{\"@context\":\"https:\\\/\\\/schema.org\",\"@graph\":[{\"@type\":\"WebPage\",\"@id\":\"https:\\\/\\\/losandesgbg.com\\\/index.php\\\/zona-de-mensajes\\\/\",\"url\":\"https:\\\/\\\/losandesgbg.com\\\/index.php\\\/zona-de-mensajes\\\/\",\"name\":\"MENSAJES -\",\"isPartOf\":{\"@id\":\"https:\\\/\\\/losandesgbg.com\\\/#website\"},\"datePublished\":\"2022-08-23T15:42:22+00:00\",\"dateModified\":\"2023-03-21T18:03:02+00:00\",\"breadcrumb\":{\"@id\":\"https:\\\/\\\/losandesgbg.com\\\/index.php\\\/zona-de-mensajes\\\/#breadcrumb\"},\"inLanguage\":\"es-CL\",\"potentialAction\":[{\"@type\":\"ReadAction\",\"target\":[\"https:\\\/\\\/losandesgbg.com\\\/index.php\\\/zona-de-mensajes\\\/\"]}]},{\"@type\":\"BreadcrumbList\",\"@id\":\"https:\\\/\\\/losandesgbg.com\\\/index.php\\\/zona-de-mensajes\\\/#breadcrumb\",\"itemListElement\":[{\"@type\":\"ListItem\",\"position\":1,\"name\":\"Portada\",\"item\":\"https:\\\/\\\/losandesgbg.com\\\/\"},{\"@type\":\"ListItem\",\"position\":2,\"name\":\"MENSAJES\"}]},{\"@type\":\"WebSite\",\"@id\":\"https:\\\/\\\/losandesgbg.com\\\/#website\",\"url\":\"https:\\\/\\\/losandesgbg.com\\\/\",\"name\":\"\",\"description\":\"\",\"potentialAction\":[{\"@type\":\"SearchAction\",\"target\":{\"@type\":\"EntryPoint\",\"urlTemplate\":\"https:\\\/\\\/losandesgbg.com\\\/?s={search_term_string}\"},\"query-input\":{\"@type\":\"PropertyValueSpecification\",\"valueRequired\":true,\"valueName\":\"search_term_string\"}}],\"inLanguage\":\"es-CL\"}]}<\/script>\n<!-- \/ Yoast SEO plugin. -->","yoast_head_json":{"title":"MENSAJES -","robots":{"index":"index","follow":"follow","max-snippet":"max-snippet:-1","max-image-preview":"max-image-preview:large","max-video-preview":"max-video-preview:-1"},"canonical":"https:\/\/losandesgbg.com\/index.php\/zona-de-mensajes\/","og_locale":"es_ES","og_type":"article","og_title":"MENSAJES -","og_url":"https:\/\/losandesgbg.com\/index.php\/zona-de-mensajes\/","article_modified_time":"2023-03-21T18:03:02+00:00","twitter_card":"summary_large_image","schema":{"@context":"https:\/\/schema.org","@graph":[{"@type":"WebPage","@id":"https:\/\/losandesgbg.com\/index.php\/zona-de-mensajes\/","url":"https:\/\/losandesgbg.com\/index.php\/zona-de-mensajes\/","name":"MENSAJES -","isPartOf":{"@id":"https:\/\/losandesgbg.com\/#website"},"datePublished":"2022-08-23T15:42:22+00:00","dateModified":"2023-03-21T18:03:02+00:00","breadcrumb":{"@id":"https:\/\/losandesgbg.com\/index.php\/zona-de-mensajes\/#breadcrumb"},"inLanguage":"es-CL","potentialAction":[{"@type":"ReadAction","target":["https:\/\/losandesgbg.com\/index.php\/zona-de-mensajes\/"]}]},{"@type":"BreadcrumbList","@id":"https:\/\/losandesgbg.com\/index.php\/zona-de-mensajes\/#breadcrumb","itemListElement":[{"@type":"ListItem","position":1,"name":"Portada","item":"https:\/\/losandesgbg.com\/"},{"@type":"ListItem","position":2,"name":"MENSAJES"}]},{"@type":"WebSite","@id":"https:\/\/losandesgbg.com\/#website","url":"https:\/\/losandesgbg.com\/","name":"","description":"","potentialAction":[{"@type":"SearchAction","target":{"@type":"EntryPoint","urlTemplate":"https:\/\/losandesgbg.com\/?s={search_term_string}"},"query-input":{"@type":"PropertyValueSpecification","valueRequired":true,"valueName":"search_term_string"}}],"inLanguage":"es-CL"}]}},"_links":{"self":[{"href":"https:\/\/losandesgbg.com\/index.php\/wp-json\/wp\/v2\/pages\/182","targetHints":{"allow":["GET"]}}],"collection":[{"href":"https:\/\/losandesgbg.com\/index.php\/wp-json\/wp\/v2\/pages"}],"about":[{"href":"https:\/\/losandesgbg.com\/index.php\/wp-json\/wp\/v2\/types\/page"}],"author":[{"embeddable":true,"href":"https:\/\/losandesgbg.com\/index.php\/wp-json\/wp\/v2\/users\/1"}],"replies":[{"embeddable":true,"href":"https:\/\/losandesgbg.com\/index.php\/wp-json\/wp\/v2\/comments?post=182"}],"version-history":[{"count":3,"href":"https:\/\/losandesgbg.com\/index.php\/wp-json\/wp\/v2\/pages\/182\/revisions"}],"predecessor-version":[{"id":371,"href":"https:\/\/losandesgbg.com\/index.php\/wp-json\/wp\/v2\/pages\/182\/revisions\/371"}],"wp:attachment":[{"href":"https:\/\/losandesgbg.com\/index.php\/wp-json\/wp\/v2\/media?parent=182"}],"curies":[{"name":"wp","href":"https:\/\/api.w.org\/{rel}","templated":true}]}}